{"id":8,"date":"2019-10-29T16:18:49","date_gmt":"2019-10-29T15:18:49","guid":{"rendered":"https:\/\/atdarchitekci.wordpress.com\/?page_id=2"},"modified":"2019-12-04T10:58:33","modified_gmt":"2019-12-04T09:58:33","slug":"home","status":"publish","type":"page","link":"https:\/\/atd-architekci.pl\/","title":{"rendered":"HOME"},"content":{"rendered":"\n<hr class=\"wp-block-separator is-style-wide\"\/>\n\n\n\n<p><strong>ATD Architekci od 1995<\/strong><\/p>\n\n\n\n<p>\u200bMamy przyjemno\u015b\u0107 przedstawi\u0107 Pa\u0144stwu firm\u0119 ATD Architekci, za\u0142o\u017con\u0105 <br>w 1995 roku przez architekt\u00f3w: Mieczys\u0142awa Szyd\u0142owskiego i Jacka Kr\u00f3la. Celem dzia\u0142ania naszej firmy jest profesjonalna obs\u0142uga projektowa, realizacja Pa\u0144stwa zam\u00f3wie\u0144 i inwestycji budowlanych. Oferujemy Pa\u0144stwu opracowanie pe\u0142nobran\u017cowej dokumentacji projektowej &#8211; wraz z niezb\u0119dnymi uzgodnieniami <br>i pozwoleniem na budow\u0119 oraz nadzorem autorskim obejmuj\u0105cej:<br>\u200b<br>&#8211; projekty obiekt\u00f3w u\u017cyteczno\u015bci publicznej i przemys\u0142owej,<br>&#8211; projekty budynk\u00f3w mieszkalnych i dom\u00f3w jednorodzinnych,<br>&#8211; przebudowy, modernizacje i rozbudowy,<br>&#8211; projekty i aran\u017cacje wn\u0119trz u\u017cytkowych i mieszkalnych.<\/p>\n\n\n\n<p>Mamy nadziej\u0119, \u017ce nasze dotychczasowe do\u015bwiadczenie projektowe<br>i realizacje pozwol\u0105 w pe\u0142ni zaspokoi\u0107 Pa\u0144stwa potrzeby i oczekiwania. <\/p>\n\n\n\n<p>Zapraszamy do kontaktu!<\/p>\n\n\n\n<p><\/p>\n\n\n\n<hr class=\"wp-block-separator is-style-wide\"\/>\n\n\n\n<h2 class=\"has-text-align-left wp-block-heading\">Kontakt<\/h2>\n\n\n\n<div class=\"wp-block-columns alignwide has-2-columns contact-section is-layout-flex wp-container-core-columns-is-layout-9d6595d7 wp-block-columns-is-layout-flex\">\n<div class=\"wp-block-column is-layout-flow wp-block-column-is-layout-flow\">\n<div class=\"wp-block-jetpack-contact-info\">\n<div class=\"wp-block-jetpack-email\"><a href=\"mailto:biuro@atd-architekci.pl\">biuro@atd-architekci.pl<\/a><\/div>\n\n\n\n<div class=\"wp-block-jetpack-phone\"><a href=\"tel:713222094\">71 322 20 94<\/a><\/div>\n\n\n\n<div class=\"wp-block-jetpack-address\"><div class=\"jetpack-address__address jetpack-address__address1\">ul. Ole\u015bnicka 15B<\/div><div><span class=\"jetpack-address__city\">Wroc\u0142aw<\/span>, <span class=\"jetpack-address__region\"><\/span> <span class=\"jetpack-address__postal\">50-320<\/span><\/div><\/div>\n\n\n\n<a href=\"https:\/\/www.facebook.com\/atdarchitekci\/\">Facebook<\/a>\n<\/div>\n<\/div>\n\n\n\n<div class=\"wp-block-column is-layout-flow wp-block-column-is-layout-flow\"><\/div>\n<\/div>\n\n\n\n<p><\/p>\n","protected":false},"excerpt":{"rendered":"<p>ATD Architekci od 1995 \u200bMamy przyjemno\u015b\u0107 przedstawi\u0107 Pa\u0144stwu firm\u0119 ATD Architekci, za\u0142o\u017con\u0105 w 1995 roku przez architekt\u00f3w: Mieczys\u0142awa Szyd\u0142owskiego i&hellip; <a class=\"read-more\" href=\"https:\/\/atd-architekci.pl\/\">Read more <span class=\"screen-reader-text\">HOME<\/span><\/a><\/p>\n","protected":false},"author":1,"featured_media":0,"parent":0,"menu_order":0,"comment_status":"closed","ping_status":"closed","template":"","meta":{"footnotes":""},"class_list":["post-8","page","type-page","status-publish","hentry"],"jetpack_sharing_enabled":false,"_links":{"self":[{"href":"https:\/\/atd-architekci.pl\/index.php?rest_route=\/wp\/v2\/pages\/8","targetHints":{"allow":["GET"]}}],"collection":[{"href":"https:\/\/atd-architekci.pl\/index.php?rest_route=\/wp\/v2\/pages"}],"about":[{"href":"https:\/\/atd-architekci.pl\/index.php?rest_route=\/wp\/v2\/types\/page"}],"author":[{"embeddable":true,"href":"https:\/\/atd-architekci.pl\/index.php?rest_route=\/wp\/v2\/users\/1"}],"replies":[{"embeddable":true,"href":"https:\/\/atd-architekci.pl\/index.php?rest_route=%2Fwp%2Fv2%2Fcomments&post=8"}],"version-history":[{"count":3,"href":"https:\/\/atd-architekci.pl\/index.php?rest_route=\/wp\/v2\/pages\/8\/revisions"}],"predecessor-version":[{"id":417,"href":"https:\/\/atd-architekci.pl\/index.php?rest_route=\/wp\/v2\/pages\/8\/revisions\/417"}],"wp:attachment":[{"href":"https:\/\/atd-architekci.pl\/index.php?rest_route=%2Fwp%2Fv2%2Fmedia&parent=8"}],"curies":[{"name":"wp","href":"https:\/\/api.w.org\/{rel}","templated":true}]}}