{"id":34,"date":"2019-10-29T17:02:19","date_gmt":"2019-10-29T16:02:19","guid":{"rendered":"https:\/\/atdarchitekci.wordpress.com\/?page_id=34"},"modified":"2025-09-05T15:51:56","modified_gmt":"2025-09-05T13:51:56","slug":"zabudowa-wielorodzinna","status":"publish","type":"page","link":"https:\/\/atd-architekci.pl\/?page_id=34","title":{"rendered":"ZESP\u00d3\u0141 PROJEKTOWY"},"content":{"rendered":"\n<div class=\"wp-block-columns is-layout-flex wp-container-core-columns-is-layout-9d6595d7 wp-block-columns-is-layout-flex\">\n<div class=\"wp-block-column is-layout-flow wp-block-column-is-layout-flow\">\n<p><strong>mgr in\u017c. arch. Jacek Kr\u00f3l<\/strong><br>architekt, w\u0142a\u015bciciel<\/p>\n\n\n\n<figure class=\"wp-block-gallery has-nested-images columns-default is-cropped wp-block-gallery-1 is-layout-flex wp-block-gallery-is-layout-flex\">\n<figure class=\"wp-block-image size-large\"><img loading=\"lazy\" decoding=\"async\" width=\"1024\" height=\"1024\" data-attachment-id=\"546\" data-permalink=\"https:\/\/atd-architekci.pl\/?attachment_id=546\" data-orig-file=\"https:\/\/atd-architekci.pl\/wp-content\/uploads\/2025\/09\/jacek-na-strone.jpg\" data-orig-size=\"1361,1361\" data-comments-opened=\"1\" data-image-meta=\"{&quot;aperture&quot;:&quot;2.5&quot;,&quot;credit&quot;:&quot;&quot;,&quot;camera&quot;:&quot;E-M10MarkII&quot;,&quot;caption&quot;:&quot;OLYMPUS DIGITAL CAMERA&quot;,&quot;created_timestamp&quot;:&quot;1639757559&quot;,&quot;copyright&quot;:&quot;&quot;,&quot;focal_length&quot;:&quot;20&quot;,&quot;iso&quot;:&quot;800&quot;,&quot;shutter_speed&quot;:&quot;0.00625&quot;,&quot;title&quot;:&quot;OLYMPUS DIGITAL CAMERA&quot;,&quot;orientation&quot;:&quot;0&quot;}\" data-image-title=\"OLYMPUS DIGITAL CAMERA\" data-image-description=\"\" data-image-caption=\"&lt;p&gt;OLYMPUS DIGITAL CAMERA&lt;\/p&gt;\n\" data-medium-file=\"https:\/\/atd-architekci.pl\/wp-content\/uploads\/2025\/09\/jacek-na-strone-300x300.jpg\" data-large-file=\"https:\/\/atd-architekci.pl\/wp-content\/uploads\/2025\/09\/jacek-na-strone-1024x1024.jpg\" data-id=\"546\" src=\"https:\/\/atd-architekci.pl\/wp-content\/uploads\/2025\/09\/jacek-na-strone-1024x1024.jpg\" alt=\"\" class=\"wp-image-546\" srcset=\"https:\/\/atd-architekci.pl\/wp-content\/uploads\/2025\/09\/jacek-na-strone-1024x1024.jpg 1024w, https:\/\/atd-architekci.pl\/wp-content\/uploads\/2025\/09\/jacek-na-strone-300x300.jpg 300w, https:\/\/atd-architekci.pl\/wp-content\/uploads\/2025\/09\/jacek-na-strone-150x150.jpg 150w, https:\/\/atd-architekci.pl\/wp-content\/uploads\/2025\/09\/jacek-na-strone-768x768.jpg 768w, https:\/\/atd-architekci.pl\/wp-content\/uploads\/2025\/09\/jacek-na-strone-660x660.jpg 660w, https:\/\/atd-architekci.pl\/wp-content\/uploads\/2025\/09\/jacek-na-strone-50x50.jpg 50w, https:\/\/atd-architekci.pl\/wp-content\/uploads\/2025\/09\/jacek-na-strone.jpg 1361w\" sizes=\"auto, (max-width: 1024px) 100vw, 1024px\" \/><\/figure>\n<\/figure>\n<\/div>\n\n\n\n<div class=\"wp-block-column is-layout-flow wp-block-column-is-layout-flow\">\n<p><strong>mgr in\u017c. arch. Mieczys\u0142aw Szyd\u0142owsk<\/strong>i<br>architekt, w\u0142a\u015bciciel<\/p>\n\n\n\n<figure class=\"wp-block-gallery has-nested-images columns-default is-cropped wp-block-gallery-2 is-layout-flex wp-block-gallery-is-layout-flex\">\n<figure class=\"wp-block-image size-full\"><img loading=\"lazy\" decoding=\"async\" width=\"358\" height=\"358\" data-attachment-id=\"588\" data-permalink=\"https:\/\/atd-architekci.pl\/?attachment_id=588\" data-orig-file=\"https:\/\/atd-architekci.pl\/wp-content\/uploads\/2025\/09\/MIETEK.jpg\" data-orig-size=\"358,358\" data-comments-opened=\"1\" data-image-meta=\"{&quot;aperture&quot;:&quot;0&quot;,&quot;credit&quot;:&quot;&quot;,&quot;camera&quot;:&quot;&quot;,&quot;caption&quot;:&quot;&quot;,&quot;created_timestamp&quot;:&quot;0&quot;,&quot;copyright&quot;:&quot;&quot;,&quot;focal_length&quot;:&quot;0&quot;,&quot;iso&quot;:&quot;0&quot;,&quot;shutter_speed&quot;:&quot;0&quot;,&quot;title&quot;:&quot;&quot;,&quot;orientation&quot;:&quot;0&quot;}\" data-image-title=\"MIETEK\" data-image-description=\"\" data-image-caption=\"\" data-medium-file=\"https:\/\/atd-architekci.pl\/wp-content\/uploads\/2025\/09\/MIETEK-300x300.jpg\" data-large-file=\"https:\/\/atd-architekci.pl\/wp-content\/uploads\/2025\/09\/MIETEK.jpg\" data-id=\"588\" src=\"https:\/\/atd-architekci.pl\/wp-content\/uploads\/2025\/09\/MIETEK.jpg\" alt=\"\" class=\"wp-image-588\" srcset=\"https:\/\/atd-architekci.pl\/wp-content\/uploads\/2025\/09\/MIETEK.jpg 358w, https:\/\/atd-architekci.pl\/wp-content\/uploads\/2025\/09\/MIETEK-300x300.jpg 300w, https:\/\/atd-architekci.pl\/wp-content\/uploads\/2025\/09\/MIETEK-150x150.jpg 150w, https:\/\/atd-architekci.pl\/wp-content\/uploads\/2025\/09\/MIETEK-50x50.jpg 50w\" sizes=\"auto, (max-width: 358px) 100vw, 358px\" \/><\/figure>\n<\/figure>\n<\/div>\n<\/div>\n\n\n\n<hr class=\"wp-block-separator has-css-opacity is-style-wide\"\/>\n\n\n\n<div class=\"wp-block-columns is-layout-flex wp-container-core-columns-is-layout-9d6595d7 wp-block-columns-is-layout-flex\">\n<div class=\"wp-block-column is-layout-flow wp-block-column-is-layout-flow\">\n<p><strong>mgr in\u017c. arch. Marta Jab\u0142onowska<\/strong><br>architekt<\/p>\n\n\n\n<figure class=\"wp-block-gallery has-nested-images columns-default is-cropped wp-block-gallery-3 is-layout-flex wp-block-gallery-is-layout-flex\">\n<figure class=\"wp-block-image size-full\"><img loading=\"lazy\" decoding=\"async\" width=\"487\" height=\"487\" data-attachment-id=\"312\" data-permalink=\"https:\/\/atd-architekci.pl\/?attachment_id=312\" data-orig-file=\"https:\/\/atd-architekci.pl\/wp-content\/uploads\/2019\/10\/m4.jpg\" data-orig-size=\"487,487\" data-comments-opened=\"1\" data-image-meta=\"{&quot;aperture&quot;:&quot;0&quot;,&quot;credit&quot;:&quot;&quot;,&quot;camera&quot;:&quot;&quot;,&quot;caption&quot;:&quot;&quot;,&quot;created_timestamp&quot;:&quot;0&quot;,&quot;copyright&quot;:&quot;&quot;,&quot;focal_length&quot;:&quot;0&quot;,&quot;iso&quot;:&quot;0&quot;,&quot;shutter_speed&quot;:&quot;0&quot;,&quot;title&quot;:&quot;&quot;,&quot;orientation&quot;:&quot;1&quot;}\" data-image-title=\"m4\" data-image-description=\"\" data-image-caption=\"\" data-medium-file=\"https:\/\/atd-architekci.pl\/wp-content\/uploads\/2019\/10\/m4-300x300.jpg\" data-large-file=\"https:\/\/atd-architekci.pl\/wp-content\/uploads\/2019\/10\/m4.jpg\" data-id=\"312\" src=\"https:\/\/atd-architekci.pl\/wp-content\/uploads\/2019\/10\/m4.jpg\" alt=\"\" class=\"wp-image-312\" srcset=\"https:\/\/atd-architekci.pl\/wp-content\/uploads\/2019\/10\/m4.jpg 487w, https:\/\/atd-architekci.pl\/wp-content\/uploads\/2019\/10\/m4-150x150.jpg 150w, https:\/\/atd-architekci.pl\/wp-content\/uploads\/2019\/10\/m4-300x300.jpg 300w\" sizes=\"auto, (max-width: 487px) 100vw, 487px\" \/><\/figure>\n<\/figure>\n<\/div>\n\n\n\n<div class=\"wp-block-column is-layout-flow wp-block-column-is-layout-flow\">\n<p><\/p>\n\n\n\n<figure class=\"wp-block-gallery has-nested-images columns-default is-cropped wp-block-gallery-4 is-layout-flex wp-block-gallery-is-layout-flex\"><\/figure>\n<\/div>\n<\/div>\n\n\n\n<hr class=\"wp-block-separator has-css-opacity is-style-wide\"\/>\n\n\n\n<div class=\"wp-block-columns is-layout-flex wp-container-core-columns-is-layout-9d6595d7 wp-block-columns-is-layout-flex\">\n<div class=\"wp-block-column is-layout-flow wp-block-column-is-layout-flow\">\n<p><\/p>\n\n\n\n<figure class=\"wp-block-gallery has-nested-images columns-default is-cropped wp-block-gallery-5 is-layout-flex wp-block-gallery-is-layout-flex\"><\/figure>\n<\/div>\n\n\n\n<div class=\"wp-block-column is-layout-flow wp-block-column-is-layout-flow\"><\/div>\n<\/div>\n\n\n\n<p><\/p>\n","protected":false},"excerpt":{"rendered":"<p>mgr in\u017c. arch. Jacek Kr\u00f3larchitekt, w\u0142a\u015bciciel mgr in\u017c. arch. Mieczys\u0142aw Szyd\u0142owskiarchitekt, w\u0142a\u015bciciel mgr in\u017c. arch. Marta Jab\u0142onowskaarchitekt<\/p>\n","protected":false},"author":1,"featured_media":0,"parent":0,"menu_order":0,"comment_status":"closed","ping_status":"closed","template":"","meta":{"footnotes":""},"class_list":["post-34","page","type-page","status-publish","hentry"],"jetpack_sharing_enabled":true,"_links":{"self":[{"href":"https:\/\/atd-architekci.pl\/index.php?rest_route=\/wp\/v2\/pages\/34","targetHints":{"allow":["GET"]}}],"collection":[{"href":"https:\/\/atd-architekci.pl\/index.php?rest_route=\/wp\/v2\/pages"}],"about":[{"href":"https:\/\/atd-architekci.pl\/index.php?rest_route=\/wp\/v2\/types\/page"}],"author":[{"embeddable":true,"href":"https:\/\/atd-architekci.pl\/index.php?rest_route=\/wp\/v2\/users\/1"}],"replies":[{"embeddable":true,"href":"https:\/\/atd-architekci.pl\/index.php?rest_route=%2Fwp%2Fv2%2Fcomments&post=34"}],"version-history":[{"count":3,"href":"https:\/\/atd-architekci.pl\/index.php?rest_route=\/wp\/v2\/pages\/34\/revisions"}],"predecessor-version":[{"id":589,"href":"https:\/\/atd-architekci.pl\/index.php?rest_route=\/wp\/v2\/pages\/34\/revisions\/589"}],"wp:attachment":[{"href":"https:\/\/atd-architekci.pl\/index.php?rest_route=%2Fwp%2Fv2%2Fmedia&parent=34"}],"curies":[{"name":"wp","href":"https:\/\/api.w.org\/{rel}","templated":true}]}}